{"id":26,"date":"2025-10-13T19:48:46","date_gmt":"2025-10-13T19:48:46","guid":{"rendered":"http:\/\/ptit-atelier.fr\/?page_id=26"},"modified":"2026-04-20T19:55:15","modified_gmt":"2026-04-20T19:55:15","slug":"votre-formation","status":"publish","type":"page","link":"https:\/\/ptit-atelier.fr\/?page_id=26","title":{"rendered":"Votre formation"},"content":{"rendered":"\n<div class=\"wp-block-media-text alignwide is-stacked-on-mobile is-vertically-aligned-center\" style=\"margin-top:var(--wp--preset--spacing--60);grid-template-columns:31% auto\"><figure class=\"wp-block-media-text__media\"><img loading=\"lazy\" decoding=\"async\" width=\"768\" height=\"1024\" src=\"https:\/\/ptit-atelier.fr\/wp-content\/uploads\/2026\/04\/a9f19b49-d485-47cc-a23e-2ace00ae9678-768x1024.jpg\" alt=\"\" class=\"wp-image-477 size-full\" srcset=\"https:\/\/ptit-atelier.fr\/wp-content\/uploads\/2026\/04\/a9f19b49-d485-47cc-a23e-2ace00ae9678-768x1024.jpg 768w, https:\/\/ptit-atelier.fr\/wp-content\/uploads\/2026\/04\/a9f19b49-d485-47cc-a23e-2ace00ae9678-225x300.jpg 225w, https:\/\/ptit-atelier.fr\/wp-content\/uploads\/2026\/04\/a9f19b49-d485-47cc-a23e-2ace00ae9678-1152x1536.jpg 1152w, https:\/\/ptit-atelier.fr\/wp-content\/uploads\/2026\/04\/a9f19b49-d485-47cc-a23e-2ace00ae9678.jpg 1500w\" sizes=\"auto, (max-width: 768px) 100vw, 768px\" \/><\/figure><div class=\"wp-block-media-text__content\">\n<h2 class=\"wp-block-heading has-text-color has-link-color wp-elements-cc0a0ebfe60ce3b19f48c7590aaaee43\" style=\"color:#9e4141\"><strong>Des ateliers pas comme les autres<\/strong><\/h2>\n\n\n\n<p>Dans mon p&rsquo;tit atelier, bas\u00e9 \u00e0 Sillans, prenez du temps pour vous, vos proches ou vos enfants. <\/p>\n\n\n\n<p>En groupe de 4 \u00e0 5 personnes, d\u00e9couvrez et initiez-vous \u00e0 la poterie pour concevoir vos propres cr\u00e9ations, dans la joie et la bonne humeur. Un moment de d\u00e9tente et de partage, o\u00f9 conseils et transmission sont apport\u00e9s par Corinne.<\/p>\n\n\n\n<p>Le co\u00fbt ne doit pas \u00eatre un frein, discutons-en !<\/p>\n\n\n\n<p>Faire de la poterie, c&rsquo;est bien. Mais faire de la poterie ensemble, c&rsquo;est encore mieux &#8211; Une belle id\u00e9e cadeau pour (se) faire plaisir !<\/p>\n\n\n\n<div class=\"wp-block-buttons is-layout-flex wp-block-buttons-is-layout-flex\">\n<div class=\"wp-block-button\"><a class=\"wp-block-button__link has-background wp-element-button\" style=\"background-color:#9e4141\">ME CONTACTER<\/a><\/div>\n<\/div>\n<\/div><\/div>\n\n\n\n<figure class=\"wp-block-image alignwide size-large\" style=\"margin-top:var(--wp--preset--spacing--80);margin-bottom:var(--wp--preset--spacing--50)\"><img loading=\"lazy\" decoding=\"async\" width=\"1200\" height=\"675\" src=\"https:\/\/ptit-atelier.fr\/wp-content\/uploads\/2026\/03\/e5f38202-df33-4ff7-890b-df2250d0b368-edited-1.jpg\" alt=\"\" class=\"wp-image-465\" srcset=\"https:\/\/ptit-atelier.fr\/wp-content\/uploads\/2026\/03\/e5f38202-df33-4ff7-890b-df2250d0b368-edited-1.jpg 1200w, https:\/\/ptit-atelier.fr\/wp-content\/uploads\/2026\/03\/e5f38202-df33-4ff7-890b-df2250d0b368-edited-1-300x169.jpg 300w, https:\/\/ptit-atelier.fr\/wp-content\/uploads\/2026\/03\/e5f38202-df33-4ff7-890b-df2250d0b368-edited-1-1024x576.jpg 1024w, https:\/\/ptit-atelier.fr\/wp-content\/uploads\/2026\/03\/e5f38202-df33-4ff7-890b-df2250d0b368-edited-1-768x432.jpg 768w\" sizes=\"auto, (max-width: 1200px) 100vw, 1200px\" \/><\/figure>\n\n\n\n<div class=\"wp-block-columns alignwide is-layout-flex wp-container-core-columns-is-layout-ec2e7a44 wp-block-columns-is-layout-flex\" style=\"padding-top:0;padding-bottom:0\">\n<div class=\"wp-block-column is-layout-flow wp-block-column-is-layout-flow\">\n<h2 class=\"wp-block-heading has-text-color has-link-color wp-elements-a500f3a155206cb2f151221a599d82f8\" style=\"color:#9e4141\"><strong>Atelier de d\u00e9couverte du tournage<\/strong><\/h2>\n\n\n\n<p>Sur un cr\u00e9neau de 2h00 \u00e0 2h30, laissez vos mains guider votre inspiration ! <\/p>\n\n\n\n<p>Par groupe de 4 personnes, effectuez le tournage de votre poterie \u00e0 tour de r\u00f4le, gr\u00e2ce \u00e0 2 tours mis \u00e0 votre disposition.<\/p>\n\n\n\n<p>Puis, Corinne s&rsquo;occupe de r\u00e9aliser le tournassage et d&rsquo;\u00e9mailler vos cr\u00e9ations en transparence pour que vous puissiez repartir avec votre nouvel objet !<\/p>\n\n\n\n<p><strong>40,00 \u20ac \/ personne<\/strong><\/p>\n<\/div>\n\n\n\n<div class=\"wp-block-column is-layout-flow wp-block-column-is-layout-flow\">\n<h2 class=\"wp-block-heading has-text-color has-link-color wp-elements-831e7b997a56374858095e7dcb94c250\" style=\"color:#9e4141\"><strong>Atelier d&rsquo;initiation<\/strong> <strong>au tournage<\/strong><\/h2>\n\n\n\n<p>Devenez un AS du tournage et concevez votre cr\u00e9ation en poterie de A \u00e0 Z. <\/p>\n\n\n\n<p>Cet atelier se d\u00e9roule en trois temps : 3h00 de tournage, 1h00 de tournassage et 1h00 d&rsquo;\u00e9maillage. Apr\u00e8s cette exp\u00e9rience, vous pourrez repartir avec le fruit de vos efforts.<\/p>\n\n\n\n<p>Par groupe de 4 personnes, effectuez le tournage de votre poterie \u00e0 tour de r\u00f4le, gr\u00e2ce \u00e0 2 tours mis \u00e0 votre disposition.<\/p>\n\n\n\n<p><strong>70,00 \u20ac \/ personne<\/strong><\/p>\n<\/div>\n<\/div>\n\n\n\n<div class=\"wp-block-media-text alignfull is-stacked-on-mobile is-vertically-aligned-center has-background\" style=\"border-top-left-radius:0px;border-top-right-radius:0px;border-bottom-left-radius:0px;border-bottom-right-radius:0px;background-color:#f0cdb7;margin-top:var(--wp--preset--spacing--70);margin-bottom:0;padding-top:var(--wp--preset--spacing--50);padding-right:var(--wp--preset--spacing--20);padding-bottom:var(--wp--preset--spacing--50);padding-left:var(--wp--preset--spacing--50);grid-template-columns:27% auto\"><figure class=\"wp-block-media-text__media\"><img loading=\"lazy\" decoding=\"async\" width=\"768\" height=\"1024\" src=\"https:\/\/ptit-atelier.fr\/wp-content\/uploads\/2026\/03\/bb8b3afe-4765-4e4f-8801-287768312bec-768x1024.jpg\" alt=\"\" class=\"wp-image-461 size-full\" srcset=\"https:\/\/ptit-atelier.fr\/wp-content\/uploads\/2026\/03\/bb8b3afe-4765-4e4f-8801-287768312bec-768x1024.jpg 768w, https:\/\/ptit-atelier.fr\/wp-content\/uploads\/2026\/03\/bb8b3afe-4765-4e4f-8801-287768312bec-225x300.jpg 225w, https:\/\/ptit-atelier.fr\/wp-content\/uploads\/2026\/03\/bb8b3afe-4765-4e4f-8801-287768312bec-1152x1536.jpg 1152w, https:\/\/ptit-atelier.fr\/wp-content\/uploads\/2026\/03\/bb8b3afe-4765-4e4f-8801-287768312bec.jpg 1200w\" sizes=\"auto, (max-width: 768px) 100vw, 768px\" \/><\/figure><div class=\"wp-block-media-text__content\">\n<h2 class=\"wp-block-heading has-text-color has-link-color wp-elements-eda3bac5f93d8a31393fb0bf641d690f\" style=\"color:#9e4141\"><strong><strong>Personnalisez vos assiettes<\/strong><\/strong><\/h2>\n\n\n\n<p class=\"has-contrast-color has-text-color has-link-color wp-elements-9bf6f034fcf498924ffcb98d51f7dc69\">Vous \u00eates pas dans votre assiette ? Le P&rsquo;tit Atelier s&rsquo;adapte \u00e0 vos envies. <\/p>\n\n\n\n<p class=\"has-contrast-color has-text-color has-link-color wp-elements-609a6084d8edfb3bcd84751bfe58f961\">Corinne vous fournit une ou plusieurs assiette(s) crue(s) ou pr\u00e9cuite(s). Avec plusieurs couleurs d&rsquo;englobe ou \u00e0 l&rsquo;aide d&rsquo;un crayon d&rsquo;oxyde, laissez votre cr\u00e9ativit\u00e9 faire ressortir des souvenirs m\u00e9morables, des motifs inspirants&#8230; <\/p>\n\n\n\n<p class=\"has-contrast-color has-text-color has-link-color wp-elements-160f1a1fd28fbd379072cea67352458a\">Ensuite, Le P&rsquo;tit Atelier s&rsquo;occupe de l&rsquo;\u00e9maillage et de la cuisson de votre chef d&rsquo;\u0153uvre. Un fois termin\u00e9, vous pourrez venir r\u00e9cup\u00e9rer votre commande \u00e0 son atelier!<\/p>\n\n\n\n<p><strong>15,00 \u20ac \/ assiette<\/strong><\/p>\n\n\n\n<div class=\"wp-block-buttons is-layout-flex wp-block-buttons-is-layout-flex\">\n<div class=\"wp-block-button\"><a class=\"wp-block-button__link has-background wp-element-button\" style=\"background-color:#9e4141;font-style:normal;font-weight:500\">JE COMMANDE<\/a><\/div>\n<\/div>\n<\/div><\/div>\n\n\n\n<div class=\"wp-block-media-text alignwide has-media-on-the-right is-stacked-on-mobile\" style=\"grid-template-columns:auto 29%\"><div class=\"wp-block-media-text__content\">\n<h2 class=\"wp-block-heading has-text-color has-link-color wp-elements-89218c38154486955c2f320e1e86b412\" style=\"color:#9e4141\"><strong>Atelier d&rsquo;initiation au modelage pour enfants<\/strong><\/h2>\n\n\n\n<p>Durant 2h00, chaque enfant s&rsquo;initie au modelage de la poterie, par groupe de 5. <\/p>\n\n\n\n<p>Lors de cette activit\u00e9, les enfants pourront laisser libre court \u00e0 leur imagination en convenant et en personnalisant leur cr\u00e9ation en poterie. Leur dessin, trac\u00e9 \u00e0 l&rsquo;englobe, laissera apparaitre leur marque de fabrique, en souvenir de cet atelier.<\/p>\n\n\n\n<p>Enfin, Corinne effectue les cuissons et l&rsquo;\u00e9maillage en couverte transparente, puis les enfants r\u00e9cup\u00e8rent leurs cr\u00e9ations.<\/p>\n\n\n\n<p><strong>30,00 \u20ac \/ enfant<\/strong><\/p>\n\n\n\n<div class=\"wp-block-buttons is-layout-flex wp-block-buttons-is-layout-flex\">\n<div class=\"wp-block-button\"><a class=\"wp-block-button__link has-background wp-element-button\" style=\"background-color:#9e4141\">JE M&rsquo;INSCRIS<\/a><\/div>\n<\/div>\n<\/div><figure class=\"wp-block-media-text__media\"><img loading=\"lazy\" decoding=\"async\" width=\"685\" height=\"913\" src=\"https:\/\/ptit-atelier.fr\/wp-content\/uploads\/2026\/04\/099086eb-33e2-4491-82b7-a552744319d1.jpg\" alt=\"\" class=\"wp-image-475 size-full\" srcset=\"https:\/\/ptit-atelier.fr\/wp-content\/uploads\/2026\/04\/099086eb-33e2-4491-82b7-a552744319d1.jpg 685w, https:\/\/ptit-atelier.fr\/wp-content\/uploads\/2026\/04\/099086eb-33e2-4491-82b7-a552744319d1-225x300.jpg 225w\" sizes=\"auto, (max-width: 685px) 100vw, 685px\" \/><\/figure><\/div>\n\n\n\n<div class=\"wp-block-columns alignfull are-vertically-aligned-center has-background is-layout-flex wp-container-core-columns-is-layout-f457a262 wp-block-columns-is-layout-flex\" style=\"background-color:#d99a85;margin-top:var(--wp--preset--spacing--60);margin-bottom:var(--wp--preset--spacing--60);padding-top:var(--wp--preset--spacing--30);padding-right:var(--wp--preset--spacing--50);padding-bottom:var(--wp--preset--spacing--50);padding-left:var(--wp--preset--spacing--50)\">\n<div class=\"wp-block-column is-vertically-aligned-center is-layout-flow wp-block-column-is-layout-flow\">\n<figure class=\"wp-block-image aligncenter size-full is-resized wp-duotone-unset-1\" style=\"margin-top:var(--wp--preset--spacing--20);margin-left:var(--wp--preset--spacing--50)\"><img loading=\"lazy\" decoding=\"async\" width=\"351\" height=\"263\" src=\"https:\/\/ptit-atelier.fr\/wp-content\/uploads\/2026\/02\/main_poterie-removebg-preview-edited.png\" alt=\"\" class=\"wp-image-158\" style=\"aspect-ratio:1.3347236704900938;width:215px;height:auto\" srcset=\"https:\/\/ptit-atelier.fr\/wp-content\/uploads\/2026\/02\/main_poterie-removebg-preview-edited.png 351w, https:\/\/ptit-atelier.fr\/wp-content\/uploads\/2026\/02\/main_poterie-removebg-preview-edited-300x225.png 300w\" sizes=\"auto, (max-width: 351px) 100vw, 351px\" \/><\/figure>\n\n\n\n<p class=\"has-text-align-center has-base-color has-text-color has-link-color wp-elements-885827c0acff68405c8a6161df6304e6\" style=\"font-style:normal;font-weight:700;line-height:0\">Fabrication <\/p>\n\n\n\n<p class=\"has-text-align-center has-base-color has-text-color has-link-color wp-elements-bf59066100f893a7606d52da1bbc1206\" style=\"font-style:normal;font-weight:700;line-height:0\">de poteries artisanales<\/p>\n<\/div>\n\n\n\n<div class=\"wp-block-column is-vertically-aligned-center is-layout-flow wp-block-column-is-layout-flow\">\n<figure class=\"wp-block-image aligncenter size-full is-resized\" style=\"margin-left:var(--wp--preset--spacing--40)\"><img loading=\"lazy\" decoding=\"async\" width=\"398\" height=\"299\" src=\"https:\/\/ptit-atelier.fr\/wp-content\/uploads\/2026\/02\/maison-removebg-preview-edited-2.png\" alt=\"\" class=\"wp-image-161\" style=\"aspect-ratio:1.3312077734760495;width:226px;height:auto\" srcset=\"https:\/\/ptit-atelier.fr\/wp-content\/uploads\/2026\/02\/maison-removebg-preview-edited-2.png 398w, https:\/\/ptit-atelier.fr\/wp-content\/uploads\/2026\/02\/maison-removebg-preview-edited-2-300x225.png 300w\" sizes=\"auto, (max-width: 398px) 100vw, 398px\" \/><\/figure>\n\n\n\n<p class=\"has-text-align-center has-base-color has-text-color has-link-color wp-elements-70da119b38c12c63e5cdd16b3aec8ccc\" style=\"font-style:normal;font-weight:700;line-height:0\">Atelier Fran\u00e7ais<\/p>\n\n\n\n<p class=\"has-text-align-center has-base-color has-text-color has-link-color wp-elements-9acbbe81ffde48dccfd18c6eba44cdff\" style=\"font-style:normal;font-weight:700;line-height:0\">situ\u00e9 en Is\u00e8re (38)<\/p>\n<\/div>\n\n\n\n<div class=\"wp-block-column is-vertically-aligned-center is-layout-flow wp-block-column-is-layout-flow\">\n<figure class=\"wp-block-image aligncenter size-full is-resized\" style=\"margin-right:var(--wp--preset--spacing--60);margin-left:var(--wp--preset--spacing--60)\"><img loading=\"lazy\" decoding=\"async\" width=\"443\" height=\"332\" src=\"https:\/\/ptit-atelier.fr\/wp-content\/uploads\/2026\/02\/personnes-removebg-preview-edited.png\" alt=\"\" class=\"wp-image-159\" style=\"aspect-ratio:1.3344490934449094;width:226px;height:auto\" srcset=\"https:\/\/ptit-atelier.fr\/wp-content\/uploads\/2026\/02\/personnes-removebg-preview-edited.png 443w, https:\/\/ptit-atelier.fr\/wp-content\/uploads\/2026\/02\/personnes-removebg-preview-edited-300x225.png 300w\" sizes=\"auto, (max-width: 443px) 100vw, 443px\" \/><\/figure>\n\n\n\n<p class=\"has-text-align-center has-base-color has-text-color has-link-color wp-elements-dad33ebc69bf03e09da6a3a4d7b6c3a5\" style=\"font-style:normal;font-weight:700;line-height:0\">Ateliers de poterie <\/p>\n\n\n\n<p class=\"has-text-align-center has-base-color has-text-color has-link-color wp-elements-a4e2914bfd395d125eba1c7c08d999f1\" style=\"font-style:normal;font-weight:700;line-height:0\">et de partage<\/p>\n<\/div>\n<\/div>\n\n\n\n<h2 class=\"wp-block-heading alignwide has-text-color has-link-color wp-elements-4802e143d828be794206236e093b73a2\" style=\"color:#9e4141;margin-bottom:var(--wp--preset--spacing--50)\"><strong>Leurs cr\u00e9ations<\/strong><\/h2>\n\n\n\n<figure class=\"wp-block-gallery alignwide has-nested-images columns-default is-cropped wp-block-gallery-2 is-layout-flex wp-block-gallery-is-layout-flex\">\n<figure class=\"wp-block-image size-large\"><img loading=\"lazy\" decoding=\"async\" width=\"1200\" height=\"800\" data-id=\"460\" src=\"https:\/\/ptit-atelier.fr\/wp-content\/uploads\/2026\/03\/443b1580-0a42-47b4-9cf5-deb55b14f8ea-edited.jpg\" alt=\"\" class=\"wp-image-460\" srcset=\"https:\/\/ptit-atelier.fr\/wp-content\/uploads\/2026\/03\/443b1580-0a42-47b4-9cf5-deb55b14f8ea-edited.jpg 1200w, https:\/\/ptit-atelier.fr\/wp-content\/uploads\/2026\/03\/443b1580-0a42-47b4-9cf5-deb55b14f8ea-edited-300x200.jpg 300w, https:\/\/ptit-atelier.fr\/wp-content\/uploads\/2026\/03\/443b1580-0a42-47b4-9cf5-deb55b14f8ea-edited-1024x683.jpg 1024w, https:\/\/ptit-atelier.fr\/wp-content\/uploads\/2026\/03\/443b1580-0a42-47b4-9cf5-deb55b14f8ea-edited-768x512.jpg 768w\" sizes=\"auto, (max-width: 1200px) 100vw, 1200px\" \/><\/figure>\n\n\n\n<figure class=\"wp-block-image size-large\"><img loading=\"lazy\" decoding=\"async\" width=\"1024\" height=\"768\" data-id=\"453\" src=\"https:\/\/ptit-atelier.fr\/wp-content\/uploads\/2026\/03\/IMG_7066-1-1024x768.jpg\" alt=\"\" class=\"wp-image-453\" srcset=\"https:\/\/ptit-atelier.fr\/wp-content\/uploads\/2026\/03\/IMG_7066-1-1024x768.jpg 1024w, https:\/\/ptit-atelier.fr\/wp-content\/uploads\/2026\/03\/IMG_7066-1-300x225.jpg 300w, https:\/\/ptit-atelier.fr\/wp-content\/uploads\/2026\/03\/IMG_7066-1-768x576.jpg 768w, https:\/\/ptit-atelier.fr\/wp-content\/uploads\/2026\/03\/IMG_7066-1-1536x1152.jpg 1536w, https:\/\/ptit-atelier.fr\/wp-content\/uploads\/2026\/03\/IMG_7066-1-2048x1536.jpg 2048w\" sizes=\"auto, (max-width: 1024px) 100vw, 1024px\" \/><\/figure>\n\n\n\n<figure class=\"wp-block-image size-large\"><img loading=\"lazy\" decoding=\"async\" width=\"1024\" height=\"768\" data-id=\"452\" src=\"https:\/\/ptit-atelier.fr\/wp-content\/uploads\/2026\/03\/IMG_7065-1-1024x768.jpg\" alt=\"\" class=\"wp-image-452\" srcset=\"https:\/\/ptit-atelier.fr\/wp-content\/uploads\/2026\/03\/IMG_7065-1-1024x768.jpg 1024w, https:\/\/ptit-atelier.fr\/wp-content\/uploads\/2026\/03\/IMG_7065-1-300x225.jpg 300w, https:\/\/ptit-atelier.fr\/wp-content\/uploads\/2026\/03\/IMG_7065-1-768x576.jpg 768w, https:\/\/ptit-atelier.fr\/wp-content\/uploads\/2026\/03\/IMG_7065-1-1536x1152.jpg 1536w, https:\/\/ptit-atelier.fr\/wp-content\/uploads\/2026\/03\/IMG_7065-1-2048x1536.jpg 2048w\" sizes=\"auto, (max-width: 1024px) 100vw, 1024px\" \/><\/figure>\n\n\n\n<figure class=\"wp-block-image size-large\"><img loading=\"lazy\" decoding=\"async\" width=\"1024\" height=\"768\" data-id=\"458\" src=\"https:\/\/ptit-atelier.fr\/wp-content\/uploads\/2026\/03\/IMG_7072-1-1024x768.jpg\" alt=\"\" class=\"wp-image-458\" srcset=\"https:\/\/ptit-atelier.fr\/wp-content\/uploads\/2026\/03\/IMG_7072-1-1024x768.jpg 1024w, https:\/\/ptit-atelier.fr\/wp-content\/uploads\/2026\/03\/IMG_7072-1-300x225.jpg 300w, https:\/\/ptit-atelier.fr\/wp-content\/uploads\/2026\/03\/IMG_7072-1-768x576.jpg 768w, https:\/\/ptit-atelier.fr\/wp-content\/uploads\/2026\/03\/IMG_7072-1-1536x1152.jpg 1536w, https:\/\/ptit-atelier.fr\/wp-content\/uploads\/2026\/03\/IMG_7072-1-2048x1536.jpg 2048w\" sizes=\"auto, (max-width: 1024px) 100vw, 1024px\" \/><\/figure>\n\n\n\n<figure class=\"wp-block-image size-large\"><img loading=\"lazy\" decoding=\"async\" width=\"1024\" height=\"768\" data-id=\"455\" src=\"https:\/\/ptit-atelier.fr\/wp-content\/uploads\/2026\/03\/IMG_7069-1-1024x768.jpg\" alt=\"\" class=\"wp-image-455\" srcset=\"https:\/\/ptit-atelier.fr\/wp-content\/uploads\/2026\/03\/IMG_7069-1-1024x768.jpg 1024w, https:\/\/ptit-atelier.fr\/wp-content\/uploads\/2026\/03\/IMG_7069-1-300x225.jpg 300w, https:\/\/ptit-atelier.fr\/wp-content\/uploads\/2026\/03\/IMG_7069-1-768x576.jpg 768w, https:\/\/ptit-atelier.fr\/wp-content\/uploads\/2026\/03\/IMG_7069-1-1536x1152.jpg 1536w, https:\/\/ptit-atelier.fr\/wp-content\/uploads\/2026\/03\/IMG_7069-1-2048x1536.jpg 2048w\" sizes=\"auto, (max-width: 1024px) 100vw, 1024px\" \/><\/figure>\n\n\n\n<figure class=\"wp-block-image size-large\"><img loading=\"lazy\" decoding=\"async\" width=\"1024\" height=\"768\" data-id=\"456\" src=\"https:\/\/ptit-atelier.fr\/wp-content\/uploads\/2026\/03\/IMG_7084-1-1024x768.jpg\" alt=\"\" class=\"wp-image-456\" srcset=\"https:\/\/ptit-atelier.fr\/wp-content\/uploads\/2026\/03\/IMG_7084-1-1024x768.jpg 1024w, https:\/\/ptit-atelier.fr\/wp-content\/uploads\/2026\/03\/IMG_7084-1-300x225.jpg 300w, https:\/\/ptit-atelier.fr\/wp-content\/uploads\/2026\/03\/IMG_7084-1-768x576.jpg 768w, https:\/\/ptit-atelier.fr\/wp-content\/uploads\/2026\/03\/IMG_7084-1-1536x1152.jpg 1536w, https:\/\/ptit-atelier.fr\/wp-content\/uploads\/2026\/03\/IMG_7084-1-2048x1536.jpg 2048w\" sizes=\"auto, (max-width: 1024px) 100vw, 1024px\" \/><\/figure>\n\n\n\n<figure class=\"wp-block-image size-large\"><img loading=\"lazy\" decoding=\"async\" width=\"1024\" height=\"768\" data-id=\"457\" src=\"https:\/\/ptit-atelier.fr\/wp-content\/uploads\/2026\/03\/IMG_7071-1-1024x768.jpg\" alt=\"\" class=\"wp-image-457\" srcset=\"https:\/\/ptit-atelier.fr\/wp-content\/uploads\/2026\/03\/IMG_7071-1-1024x768.jpg 1024w, https:\/\/ptit-atelier.fr\/wp-content\/uploads\/2026\/03\/IMG_7071-1-300x225.jpg 300w, https:\/\/ptit-atelier.fr\/wp-content\/uploads\/2026\/03\/IMG_7071-1-768x576.jpg 768w, https:\/\/ptit-atelier.fr\/wp-content\/uploads\/2026\/03\/IMG_7071-1-1536x1152.jpg 1536w, https:\/\/ptit-atelier.fr\/wp-content\/uploads\/2026\/03\/IMG_7071-1-2048x1536.jpg 2048w\" sizes=\"auto, (max-width: 1024px) 100vw, 1024px\" \/><\/figure>\n\n\n\n<figure class=\"wp-block-image size-large\"><img loading=\"lazy\" decoding=\"async\" width=\"1024\" height=\"768\" data-id=\"450\" src=\"https:\/\/ptit-atelier.fr\/wp-content\/uploads\/2026\/03\/IMG_7070-1024x768.jpg\" alt=\"\" class=\"wp-image-450\" srcset=\"https:\/\/ptit-atelier.fr\/wp-content\/uploads\/2026\/03\/IMG_7070-1024x768.jpg 1024w, https:\/\/ptit-atelier.fr\/wp-content\/uploads\/2026\/03\/IMG_7070-300x225.jpg 300w, https:\/\/ptit-atelier.fr\/wp-content\/uploads\/2026\/03\/IMG_7070-768x576.jpg 768w, https:\/\/ptit-atelier.fr\/wp-content\/uploads\/2026\/03\/IMG_7070-1536x1152.jpg 1536w, https:\/\/ptit-atelier.fr\/wp-content\/uploads\/2026\/03\/IMG_7070-2048x1536.jpg 2048w\" sizes=\"auto, (max-width: 1024px) 100vw, 1024px\" \/><\/figure>\n\n\n\n<figure class=\"wp-block-image size-large\"><img loading=\"lazy\" decoding=\"async\" width=\"768\" height=\"1024\" data-id=\"459\" src=\"https:\/\/ptit-atelier.fr\/wp-content\/uploads\/2026\/03\/IMG_7083-1-768x1024.jpg\" alt=\"\" class=\"wp-image-459\" srcset=\"https:\/\/ptit-atelier.fr\/wp-content\/uploads\/2026\/03\/IMG_7083-1-768x1024.jpg 768w, https:\/\/ptit-atelier.fr\/wp-content\/uploads\/2026\/03\/IMG_7083-1-225x300.jpg 225w, https:\/\/ptit-atelier.fr\/wp-content\/uploads\/2026\/03\/IMG_7083-1-1152x1536.jpg 1152w, https:\/\/ptit-atelier.fr\/wp-content\/uploads\/2026\/03\/IMG_7083-1-1536x2048.jpg 1536w, https:\/\/ptit-atelier.fr\/wp-content\/uploads\/2026\/03\/IMG_7083-1-scaled.jpg 1920w\" sizes=\"auto, (max-width: 768px) 100vw, 768px\" \/><\/figure>\n<\/figure>\n","protected":false},"excerpt":{"rendered":"<p>Atelier de d\u00e9couverte du tournage Sur un cr\u00e9neau de 2h00 \u00e0 2h30, laissez vos mains guider votre inspiration ! Par groupe de 4 personnes, effectuez le tournage de votre poterie \u00e0 tour de r\u00f4le, gr\u00e2ce \u00e0 2 tours mis \u00e0 votre disposition. Puis, Corinne s&rsquo;occupe de r\u00e9aliser le tournassage et d&rsquo;\u00e9mailler vos cr\u00e9ations en transparence [&hellip;]<\/p>\n","protected":false},"author":2,"featured_media":0,"parent":0,"menu_order":0,"comment_status":"closed","ping_status":"closed","template":"","meta":{"footnotes":""},"class_list":["post-26","page","type-page","status-publish","hentry"],"_links":{"self":[{"href":"https:\/\/ptit-atelier.fr\/index.php?rest_route=\/wp\/v2\/pages\/26","targetHints":{"allow":["GET"]}}],"collection":[{"href":"https:\/\/ptit-atelier.fr\/index.php?rest_route=\/wp\/v2\/pages"}],"about":[{"href":"https:\/\/ptit-atelier.fr\/index.php?rest_route=\/wp\/v2\/types\/page"}],"author":[{"embeddable":true,"href":"https:\/\/ptit-atelier.fr\/index.php?rest_route=\/wp\/v2\/users\/2"}],"replies":[{"embeddable":true,"href":"https:\/\/ptit-atelier.fr\/index.php?rest_route=%2Fwp%2Fv2%2Fcomments&post=26"}],"version-history":[{"count":9,"href":"https:\/\/ptit-atelier.fr\/index.php?rest_route=\/wp\/v2\/pages\/26\/revisions"}],"predecessor-version":[{"id":484,"href":"https:\/\/ptit-atelier.fr\/index.php?rest_route=\/wp\/v2\/pages\/26\/revisions\/484"}],"wp:attachment":[{"href":"https:\/\/ptit-atelier.fr\/index.php?rest_route=%2Fwp%2Fv2%2Fmedia&parent=26"}],"curies":[{"name":"wp","href":"https:\/\/api.w.org\/{rel}","templated":true}]}}