{"id":22,"date":"2025-10-13T19:47:26","date_gmt":"2025-10-13T19:47:26","guid":{"rendered":"http:\/\/ptit-atelier.fr\/?page_id=22"},"modified":"2026-04-20T21:10:01","modified_gmt":"2026-04-20T21:10:01","slug":"a-propos","status":"publish","type":"page","link":"https:\/\/ptit-atelier.fr\/?page_id=22","title":{"rendered":"A propos"},"content":{"rendered":"\n<div class=\"wp-block-media-text alignwide is-stacked-on-mobile\" style=\"grid-template-columns:27% auto\"><figure class=\"wp-block-media-text__media\"><img loading=\"lazy\" decoding=\"async\" width=\"768\" height=\"1024\" src=\"https:\/\/ptit-atelier.fr\/wp-content\/uploads\/2026\/03\/71e8b3d2-ee74-49b9-8ad1-11fbd13a6db2-768x1024.jpg\" alt=\"\" class=\"wp-image-469 size-full\" srcset=\"https:\/\/ptit-atelier.fr\/wp-content\/uploads\/2026\/03\/71e8b3d2-ee74-49b9-8ad1-11fbd13a6db2-768x1023.jpg 768w, https:\/\/ptit-atelier.fr\/wp-content\/uploads\/2026\/03\/71e8b3d2-ee74-49b9-8ad1-11fbd13a6db2-225x300.jpg 225w, https:\/\/ptit-atelier.fr\/wp-content\/uploads\/2026\/03\/71e8b3d2-ee74-49b9-8ad1-11fbd13a6db2-1153x1536.jpg 1153w, https:\/\/ptit-atelier.fr\/wp-content\/uploads\/2026\/03\/71e8b3d2-ee74-49b9-8ad1-11fbd13a6db2.jpg 1200w\" sizes=\"auto, (max-width: 768px) 100vw, 768px\" \/><\/figure><div class=\"wp-block-media-text__content\">\n<h2 class=\"wp-block-heading has-text-color has-link-color wp-elements-906898d2c6f92b9221742a4e28dff38e\" style=\"color:#9e4141\"><strong>Qui se cache derri\u00e8re Le P&rsquo;tit Atelier?<\/strong><\/h2>\n\n\n\n<p>C&rsquo;est moi, Corinne, poti\u00e8re depuis peu (mais depuis toujours dans le fond) !<\/p>\n\n\n\n<p>Mon atelier, c&rsquo;est mon univers. Un univers o\u00f9 l&rsquo;art d&rsquo;exprimer son talent et de partager son savoir fait bon vivre. Ce que j&rsquo;aime par dessus tout, les couleurs et la gaiet\u00e9. <\/p>\n\n\n\n<p><em><strong>\u00ab\u00a0Il nous faut \u00eatre solidaire pour que le monde tourne, nos membres doivent \u00eatre solidaires pour que la terre tourne <\/strong>!\u00a0\u00bb<\/em><\/p>\n<\/div><\/div>\n\n\n\n<div class=\"wp-block-media-text alignwide has-media-on-the-right is-stacked-on-mobile\" style=\"grid-template-columns:auto 26%\"><div class=\"wp-block-media-text__content\">\n<h2 class=\"wp-block-heading has-text-color has-link-color wp-elements-5f188feb689167a890fdc4c10af49ba3\" style=\"color:#9e4141\"><strong>Mon histoire<\/strong><\/h2>\n\n\n\n<p>Jeune, la fille d\u2019une amie de mes parents \u00e9tait partie dans une maison en pierre, isol\u00e9e en montagne, o\u00f9 elle tournait la terre. Quand je la regardais, ce fut un moment incroyable &#8211; je m\u2019\u00e9tais dit :\u201dplus grande je ferai poti\u00e8re !\u201d <\/p>\n\n\n\n<p>Bien s\u00fbr, les r\u00eaves de petite fille restent souvent enfouis. Mais, quand le bon moment arrive, ils ressurgissent avec passion !<\/p>\n\n\n\n<div data-wp-context=\"{ &quot;autoclose&quot;: false, &quot;accordionItems&quot;: [] }\" data-wp-interactive=\"core\/accordion\" role=\"group\" class=\"wp-block-accordion is-layout-flow wp-block-accordion-is-layout-flow\">\n<div data-wp-class--is-open=\"state.isOpen\" data-wp-context=\"{ &quot;id&quot;: &quot;accordion-item-1&quot;, &quot;openByDefault&quot;: false }\" data-wp-init=\"callbacks.initAccordionItems\" data-wp-on-window--hashchange=\"callbacks.hashChange\" class=\"wp-block-accordion-item is-layout-flow wp-block-accordion-item-is-layout-flow\">\n<h3 class=\"wp-block-accordion-heading has-text-color has-link-color wp-elements-f7afb6fa0ccf8e093813c7fd2071a167\" style=\"color:#6e6f58\"><button aria-expanded=\"false\" aria-controls=\"accordion-item-1-panel\" data-wp-bind--aria-expanded=\"state.isOpen\" data-wp-on--click=\"actions.toggle\" data-wp-on--keydown=\"actions.handleKeyDown\" id=\"accordion-item-1\" type=\"button\" class=\"wp-block-accordion-heading__toggle\"><span class=\"wp-block-accordion-heading__toggle-title\">Mes d\u00e9buts<\/span><span class=\"wp-block-accordion-heading__toggle-icon\" aria-hidden=\"true\">+<\/span><\/button><\/h3>\n\n\n\n<div inert aria-labelledby=\"accordion-item-1\" data-wp-bind--inert=\"!state.isOpen\" id=\"accordion-item-1-panel\" role=\"region\" class=\"wp-block-accordion-panel is-layout-flow wp-block-accordion-panel-is-layout-flow\">\n<p>D\u00e8s 1996, j\u2019ai int\u00e9gr\u00e9 divers cours loisirs. J\u2019ai fait une pause pendant une quinzaine d\u2019ann\u00e9es. J\u2019ai essay\u00e9 la peinture abstraite sur toile mais \u00e7a manquait de relief. Pendant le confinement, je me suis mise \u00e0 peindre des f\u00fbts de bi\u00e8re et des lampadaires en papier, gr\u00e2ce \u00e0 Natimo.<\/p>\n\n\n\n<p><\/p>\n<\/div>\n<\/div>\n<\/div>\n\n\n\n<div data-wp-context=\"{ &quot;autoclose&quot;: false, &quot;accordionItems&quot;: [] }\" data-wp-interactive=\"core\/accordion\" role=\"group\" class=\"wp-block-accordion is-layout-flow wp-block-accordion-is-layout-flow\">\n<div data-wp-class--is-open=\"state.isOpen\" data-wp-context=\"{ &quot;id&quot;: &quot;accordion-item-2&quot;, &quot;openByDefault&quot;: false }\" data-wp-init=\"callbacks.initAccordionItems\" data-wp-on-window--hashchange=\"callbacks.hashChange\" class=\"wp-block-accordion-item is-layout-flow wp-block-accordion-item-is-layout-flow\">\n<h3 class=\"wp-block-accordion-heading has-text-color has-link-color wp-elements-aa1fcde2ecd418149cf4f5ca8ce5a7df\" style=\"color:#6e6f58\"><button aria-expanded=\"false\" aria-controls=\"accordion-item-2-panel\" data-wp-bind--aria-expanded=\"state.isOpen\" data-wp-on--click=\"actions.toggle\" data-wp-on--keydown=\"actions.handleKeyDown\" id=\"accordion-item-2\" type=\"button\" class=\"wp-block-accordion-heading__toggle\"><span class=\"wp-block-accordion-heading__toggle-title\">Mon nouveau d\u00e9part<\/span><span class=\"wp-block-accordion-heading__toggle-icon\" aria-hidden=\"true\">+<\/span><\/button><\/h3>\n\n\n\n<div inert aria-labelledby=\"accordion-item-2\" data-wp-bind--inert=\"!state.isOpen\" id=\"accordion-item-2-panel\" role=\"region\" class=\"wp-block-accordion-panel is-layout-flow wp-block-accordion-panel-is-layout-flow\">\n<p>En 2023, apr\u00e8s avoir quitt\u00e9 une association d\u2019\u00e9v\u00e8nements artistiques, cr\u00e9\u00e9e avec des amis, j\u2019avais besoin de recentrage !<\/p>\n\n\n\n<p>C&rsquo;est \u00e0 partir de cet instant-l\u00e0 que j&rsquo;ai commenc\u00e9 \u00e0 \u00e9quiper mon atelier. Je tourne, je cuis, j\u2019\u00e9maille, je teste. Au fil du temps, mon activit\u00e9 a pris de plus en plus d&rsquo;ampleur. J\u2019ai d\u2019abord ouvert mon atelier aux enfants du quartier et aux copines pour partager de bons moments et vendu mes poteries.<\/p>\n\n\n\n<p>A pr\u00e9sent, je propose \u00e0 la vente mes cr\u00e9ations aupr\u00e8s de particuliers comme de professionnels et j&rsquo;organise de nombreux ateliers de poterie.<\/p>\n<\/div>\n<\/div>\n<\/div>\n<\/div><figure class=\"wp-block-media-text__media\"><img loading=\"lazy\" decoding=\"async\" width=\"768\" height=\"1024\" src=\"https:\/\/ptit-atelier.fr\/wp-content\/uploads\/2026\/03\/79eb1fdc-b4e5-4801-a542-d5ba26819f29-768x1024.jpg\" alt=\"\" class=\"wp-image-470 size-full\" srcset=\"https:\/\/ptit-atelier.fr\/wp-content\/uploads\/2026\/03\/79eb1fdc-b4e5-4801-a542-d5ba26819f29-768x1024.jpg 768w, https:\/\/ptit-atelier.fr\/wp-content\/uploads\/2026\/03\/79eb1fdc-b4e5-4801-a542-d5ba26819f29-225x300.jpg 225w, https:\/\/ptit-atelier.fr\/wp-content\/uploads\/2026\/03\/79eb1fdc-b4e5-4801-a542-d5ba26819f29-1152x1536.jpg 1152w, https:\/\/ptit-atelier.fr\/wp-content\/uploads\/2026\/03\/79eb1fdc-b4e5-4801-a542-d5ba26819f29.jpg 1200w\" sizes=\"auto, (max-width: 768px) 100vw, 768px\" \/><\/figure><\/div>\n\n\n\n<div class=\"wp-block-media-text alignfull is-stacked-on-mobile is-vertically-aligned-center has-background\" style=\"border-top-left-radius:0px;border-top-right-radius:0px;border-bottom-left-radius:0px;border-bottom-right-radius:0px;background-color:#f0cdb7;margin-top:var(--wp--preset--spacing--50);margin-bottom:0;padding-top:var(--wp--preset--spacing--50);padding-right:var(--wp--preset--spacing--20);padding-bottom:var(--wp--preset--spacing--50);padding-left:var(--wp--preset--spacing--50);grid-template-columns:45% auto\"><figure class=\"wp-block-media-text__media\"><img loading=\"lazy\" decoding=\"async\" width=\"913\" height=\"638\" src=\"https:\/\/ptit-atelier.fr\/wp-content\/uploads\/2026\/02\/GYUR6049-3.jpg\" alt=\"\" class=\"wp-image-141 size-full\" srcset=\"https:\/\/ptit-atelier.fr\/wp-content\/uploads\/2026\/02\/GYUR6049-3.jpg 913w, https:\/\/ptit-atelier.fr\/wp-content\/uploads\/2026\/02\/GYUR6049-3-300x210.jpg 300w, https:\/\/ptit-atelier.fr\/wp-content\/uploads\/2026\/02\/GYUR6049-3-768x537.jpg 768w\" sizes=\"auto, (max-width: 913px) 100vw, 913px\" \/><\/figure><div class=\"wp-block-media-text__content\">\n<h2 class=\"wp-block-heading has-text-color has-link-color wp-elements-784db6f1ee855ab14555c65682aa5e68\" style=\"color:#9e4141\"><strong>Une collaboration porteuse de sens<\/strong><\/h2>\n\n\n\n<p class=\"has-contrast-color has-text-color has-link-color wp-elements-b982b39c5f1f2847b562771964e5f878\">Quelques temps apr\u00e8s, j&rsquo;ai commenc\u00e9 \u00e0 proposer une offre sur-mesure \u00e0 un restaurant pas comme les autres : L&rsquo;Impermanent.<\/p>\n\n\n\n<p class=\"has-contrast-color has-text-color has-link-color wp-elements-93c381ac3c46085902a6fa576f2319ee\">Ensemble, nous avons d\u00e9cortiqu\u00e9 taille, forme, couleur mais aussi assiettes, verrines, tasses, bols, brocs, sucri\u00e8res et th\u00e9i\u00e8res pour concocter un service adapt\u00e9 \u00e0 toutes sortes de pr\u00e9parations.<\/p>\n<\/div><\/div>\n\n\n\n<div class=\"wp-block-media-text alignwide has-media-on-the-right is-stacked-on-mobile\"><div class=\"wp-block-media-text__content\">\n<h2 class=\"wp-block-heading has-text-color has-link-color wp-elements-212aa5a96698a3bb1f6a0e5fd8ad4a43\" style=\"color:#9e4141\"><strong>Ma formation<\/strong><\/h2>\n\n\n\n<p>En mars 2025, je me suis envol\u00e9 en Bourgogne-Franche-Comt\u00e9 pour r\u00e9aliser une formation en tournage. <\/p>\n\n\n\n<p>Une semaine enrichissante, o\u00f9 j&rsquo;ai pu perfectionner mes gestes et techniques au tournage, au sein du Centre International de la formation  aux M\u00e9tiers d&rsquo;Arts et de la C\u00e9ramique.<\/p>\n<\/div><figure class=\"wp-block-media-text__media\"><\/figure><\/div>\n\n\n\n<div class=\"wp-block-columns alignfull are-vertically-aligned-center has-background is-layout-flex wp-container-core-columns-is-layout-16003b82 wp-block-columns-is-layout-flex\" style=\"background-color:#d99a85;padding-top:var(--wp--preset--spacing--30);padding-right:var(--wp--preset--spacing--50);padding-bottom:var(--wp--preset--spacing--50);padding-left:var(--wp--preset--spacing--50)\">\n<div class=\"wp-block-column is-vertically-aligned-center is-layout-flow wp-block-column-is-layout-flow\">\n<figure class=\"wp-block-image aligncenter size-full is-resized wp-duotone-unset-3\" style=\"margin-top:var(--wp--preset--spacing--20);margin-left:var(--wp--preset--spacing--50)\"><img loading=\"lazy\" decoding=\"async\" width=\"351\" height=\"263\" src=\"https:\/\/ptit-atelier.fr\/wp-content\/uploads\/2026\/02\/main_poterie-removebg-preview-edited.png\" alt=\"\" class=\"wp-image-158\" style=\"aspect-ratio:1.3347236704900938;width:215px;height:auto\" srcset=\"https:\/\/ptit-atelier.fr\/wp-content\/uploads\/2026\/02\/main_poterie-removebg-preview-edited.png 351w, https:\/\/ptit-atelier.fr\/wp-content\/uploads\/2026\/02\/main_poterie-removebg-preview-edited-300x225.png 300w\" sizes=\"auto, (max-width: 351px) 100vw, 351px\" \/><\/figure>\n\n\n\n<p class=\"has-text-align-center has-base-color has-text-color has-link-color wp-elements-885827c0acff68405c8a6161df6304e6\" style=\"font-style:normal;font-weight:700;line-height:0\">Fabrication <\/p>\n\n\n\n<p class=\"has-text-align-center has-base-color has-text-color has-link-color wp-elements-bf59066100f893a7606d52da1bbc1206\" style=\"font-style:normal;font-weight:700;line-height:0\">de poteries artisanales<\/p>\n<\/div>\n\n\n\n<div class=\"wp-block-column is-vertically-aligned-center is-layout-flow wp-block-column-is-layout-flow\">\n<figure class=\"wp-block-image aligncenter size-full is-resized\" style=\"margin-left:var(--wp--preset--spacing--40)\"><img loading=\"lazy\" decoding=\"async\" width=\"398\" height=\"299\" src=\"https:\/\/ptit-atelier.fr\/wp-content\/uploads\/2026\/02\/maison-removebg-preview-edited-2.png\" alt=\"\" class=\"wp-image-161\" style=\"aspect-ratio:1.3312077734760495;width:226px;height:auto\" srcset=\"https:\/\/ptit-atelier.fr\/wp-content\/uploads\/2026\/02\/maison-removebg-preview-edited-2.png 398w, https:\/\/ptit-atelier.fr\/wp-content\/uploads\/2026\/02\/maison-removebg-preview-edited-2-300x225.png 300w\" sizes=\"auto, (max-width: 398px) 100vw, 398px\" \/><\/figure>\n\n\n\n<p class=\"has-text-align-center has-base-color has-text-color has-link-color wp-elements-70da119b38c12c63e5cdd16b3aec8ccc\" style=\"font-style:normal;font-weight:700;line-height:0\">Atelier Fran\u00e7ais<\/p>\n\n\n\n<p class=\"has-text-align-center has-base-color has-text-color has-link-color wp-elements-9acbbe81ffde48dccfd18c6eba44cdff\" style=\"font-style:normal;font-weight:700;line-height:0\">situ\u00e9 en Is\u00e8re (38)<\/p>\n<\/div>\n\n\n\n<div class=\"wp-block-column is-vertically-aligned-center is-layout-flow wp-block-column-is-layout-flow\">\n<figure class=\"wp-block-image aligncenter size-full is-resized\" style=\"margin-right:var(--wp--preset--spacing--60);margin-left:var(--wp--preset--spacing--60)\"><img loading=\"lazy\" decoding=\"async\" width=\"443\" height=\"332\" src=\"https:\/\/ptit-atelier.fr\/wp-content\/uploads\/2026\/02\/personnes-removebg-preview-edited.png\" alt=\"\" class=\"wp-image-159\" style=\"aspect-ratio:1.3344490934449094;width:226px;height:auto\" srcset=\"https:\/\/ptit-atelier.fr\/wp-content\/uploads\/2026\/02\/personnes-removebg-preview-edited.png 443w, https:\/\/ptit-atelier.fr\/wp-content\/uploads\/2026\/02\/personnes-removebg-preview-edited-300x225.png 300w\" sizes=\"auto, (max-width: 443px) 100vw, 443px\" \/><\/figure>\n\n\n\n<p class=\"has-text-align-center has-base-color has-text-color has-link-color wp-elements-dad33ebc69bf03e09da6a3a4d7b6c3a5\" style=\"font-style:normal;font-weight:700;line-height:0\">Ateliers de poterie <\/p>\n\n\n\n<p class=\"has-text-align-center has-base-color has-text-color has-link-color wp-elements-a4e2914bfd395d125eba1c7c08d999f1\" style=\"font-style:normal;font-weight:700;line-height:0\">et de partage<\/p>\n<\/div>\n<\/div>\n\n\n\n<div class=\"wp-block-media-text alignwide is-stacked-on-mobile\"><figure class=\"wp-block-media-text__media\"><\/figure><div class=\"wp-block-media-text__content\">\n<h2 class=\"wp-block-heading has-text-color has-link-color wp-elements-25a97aba1466ce3043a3ec87f8d06d42\" style=\"color:#9e4141\"><strong>M\u00eame le chocolat se tourne<\/strong><\/h2>\n\n\n\n<p>Pour donner vie au m\u00e9moire de ma fille sur l&rsquo;art de la p\u00e2tisserie, Chlo\u00e9 et moi-m\u00eame avons fait des essais de tournage au chocolat. <\/p>\n<\/div><\/div>\n","protected":false},"excerpt":{"rendered":"<p>Qui se cache derri\u00e8re Le P&rsquo;tit Atelier? C&rsquo;est moi, Corinne, poti\u00e8re depuis peu (mais depuis toujours dans le fond) ! Mon atelier, c&rsquo;est mon univers. Un univers o\u00f9 l&rsquo;art d&rsquo;exprimer son talent et de partager son savoir fait bon vivre. Ce que j&rsquo;aime par dessus tout, les couleurs et la gaiet\u00e9. \u00ab\u00a0Il nous faut \u00eatre [&hellip;]<\/p>\n","protected":false},"author":2,"featured_media":0,"parent":0,"menu_order":0,"comment_status":"closed","ping_status":"closed","template":"","meta":{"footnotes":""},"class_list":["post-22","page","type-page","status-publish","hentry"],"_links":{"self":[{"href":"https:\/\/ptit-atelier.fr\/index.php?rest_route=\/wp\/v2\/pages\/22","targetHints":{"allow":["GET"]}}],"collection":[{"href":"https:\/\/ptit-atelier.fr\/index.php?rest_route=\/wp\/v2\/pages"}],"about":[{"href":"https:\/\/ptit-atelier.fr\/index.php?rest_route=\/wp\/v2\/types\/page"}],"author":[{"embeddable":true,"href":"https:\/\/ptit-atelier.fr\/index.php?rest_route=\/wp\/v2\/users\/2"}],"replies":[{"embeddable":true,"href":"https:\/\/ptit-atelier.fr\/index.php?rest_route=%2Fwp%2Fv2%2Fcomments&post=22"}],"version-history":[{"count":22,"href":"https:\/\/ptit-atelier.fr\/index.php?rest_route=\/wp\/v2\/pages\/22\/revisions"}],"predecessor-version":[{"id":501,"href":"https:\/\/ptit-atelier.fr\/index.php?rest_route=\/wp\/v2\/pages\/22\/revisions\/501"}],"wp:attachment":[{"href":"https:\/\/ptit-atelier.fr\/index.php?rest_route=%2Fwp%2Fv2%2Fmedia&parent=22"}],"curies":[{"name":"wp","href":"https:\/\/api.w.org\/{rel}","templated":true}]}}